{"id":9,"date":"2021-01-29T16:55:21","date_gmt":"2021-01-29T16:55:21","guid":{"rendered":"https:\/\/agentur-fuer-immobilien.com\/?page_id=9"},"modified":"2021-04-13T13:14:52","modified_gmt":"2021-04-13T12:14:52","slug":"kontakt","status":"publish","type":"page","link":"https:\/\/agentur-fuer-immobilien.com\/index.php\/kontakt\/","title":{"rendered":"Kontakt"},"content":{"rendered":"\t\t<div data-elementor-type=\"wp-page\" data-elementor-id=\"9\" class=\"elementor elementor-9\">\n\t\t\t\t\t\t<section class=\"elementor-section elementor-top-section elementor-element elementor-element-23ce078 elementor-section-boxed elementor-section-height-default elementor-section-height-default\" data-id=\"23ce078\" data-element_type=\"section\" data-e-type=\"section\">\n\t\t\t\t\t\t<div class=\"elementor-container elementor-column-gap-default\">\n\t\t\t\t\t<div class=\"elementor-column elementor-col-100 elementor-top-column elementor-element elementor-element-37bfd64\" data-id=\"37bfd64\" data-element_type=\"column\" data-e-type=\"column\">\n\t\t\t<div class=\"elementor-widget-wrap elementor-element-populated\">\n\t\t\t\t\t\t<div class=\"elementor-element elementor-element-1d37aa1 elementor-widget elementor-widget-wpforms\" data-id=\"1d37aa1\" data-element_type=\"widget\" data-e-type=\"widget\" data-widget_type=\"wpforms.default\">\n\t\t\t\t<div class=\"elementor-widget-container\">\n\t\t\t\t\t<div class=\"wpforms-container wpforms-container-full\" id=\"wpforms-48\"><form id=\"wpforms-form-48\" class=\"wpforms-validate wpforms-form\" data-formid=\"48\" method=\"post\" enctype=\"multipart\/form-data\" action=\"\/index.php\/wp-json\/wp\/v2\/pages\/9\" data-token=\"650736ea842ddecb501feadad7cd2286\" data-token-time=\"1776497679\"><noscript class=\"wpforms-error-noscript\">Bitte aktiviere JavaScript in deinem Browser, um dieses Formular fertigzustellen.<\/noscript><div class=\"wpforms-field-container\"><div id=\"wpforms-48-field_0-container\" class=\"wpforms-field wpforms-field-name\" data-field-id=\"0\"><label class=\"wpforms-field-label\">Name <span class=\"wpforms-required-label\">*<\/span><\/label><div class=\"wpforms-field-row wpforms-field-medium\"><div class=\"wpforms-field-row-block wpforms-first wpforms-one-half\"><input type=\"text\" id=\"wpforms-48-field_0\" class=\"wpforms-field-name-first wpforms-field-required\" name=\"wpforms[fields][0][first]\" required><label for=\"wpforms-48-field_0\" class=\"wpforms-field-sublabel after\">Vorname<\/label><\/div><div class=\"wpforms-field-row-block wpforms-one-half\"><input type=\"text\" id=\"wpforms-48-field_0-last\" class=\"wpforms-field-name-last wpforms-field-required\" name=\"wpforms[fields][0][last]\" required><label for=\"wpforms-48-field_0-last\" class=\"wpforms-field-sublabel after\">Nachname<\/label><\/div><\/div><\/div><div id=\"wpforms-48-field_1-container\" class=\"wpforms-field wpforms-field-email\" data-field-id=\"1\"><label class=\"wpforms-field-label\" for=\"wpforms-48-field_1\">E-Mail <span class=\"wpforms-required-label\">*<\/span><\/label><input type=\"email\" id=\"wpforms-48-field_1\" class=\"wpforms-field-medium wpforms-field-required\" name=\"wpforms[fields][1]\" spellcheck=\"false\" required><\/div><div id=\"wpforms-48-field_2-container\" class=\"wpforms-field wpforms-field-textarea\" data-field-id=\"2\"><label class=\"wpforms-field-label\" for=\"wpforms-48-field_2\">Kommentar oder Nachricht <span class=\"wpforms-required-label\">*<\/span><\/label><textarea id=\"wpforms-48-field_2\" class=\"wpforms-field-medium wpforms-field-required\" name=\"wpforms[fields][2]\" required><\/textarea><\/div><div id=\"wpforms-48-field_3-container\" class=\"wpforms-field wpforms-field-checkbox\" data-field-id=\"3\"><label class=\"wpforms-field-label\">Datenschutzerkl\u00e4rung <span class=\"wpforms-required-label\">*<\/span><\/label><ul id=\"wpforms-48-field_3\" class=\"wpforms-field-required\"><li class=\"choice-1 depth-1\"><input type=\"checkbox\" id=\"wpforms-48-field_3_1\" name=\"wpforms[fields][3][]\" value=\"Datenschutzerkl\u00e4rung gelesen und akzeptiert\" required ><label class=\"wpforms-field-label-inline\" for=\"wpforms-48-field_3_1\">Datenschutzerkl\u00e4rung gelesen und akzeptiert<\/label><\/li><\/ul><div class=\"wpforms-field-description\">Mit meiner Best\u00e4tigung erkl\u00e4re ich, dass ich die Datenschutzerkl\u00e4rung gelesen und verstanden habe. Ich akzeptiere, dass meine angegebene Daten zur Kontaktaufnahme und Verarbeitung meines Anliegens benutzt werden. Wir bitten um Ihr Verst\u00e4ndnis, dass wir vor einem individuellem Beratungsgespr\u00e4ch keine Preisangaben machen k\u00f6nnen.<\/div><\/div><\/div><!-- .wpforms-field-container --><div class=\"wpforms-recaptcha-container wpforms-is-hcaptcha\" ><div class=\"h-captcha\" data-sitekey=\"fcccf62c-28ce-4edd-90e9-91f61e19fa4b\"><\/div><input type=\"text\" name=\"g-recaptcha-hidden\" class=\"wpforms-recaptcha-hidden\" style=\"position:absolute!important;clip:rect(0,0,0,0)!important;height:1px!important;width:1px!important;border:0!important;overflow:hidden!important;padding:0!important;margin:0!important;\" data-rule-hcaptcha=\"1\"><\/div><div class=\"wpforms-submit-container\" ><input type=\"hidden\" name=\"wpforms[id]\" value=\"48\"><input type=\"hidden\" name=\"page_title\" value=\"\"><input type=\"hidden\" name=\"page_url\" value=\"https:\/\/agentur-fuer-immobilien.com\/index.php\/wp-json\/wp\/v2\/pages\/9\"><input type=\"hidden\" name=\"url_referer\" value=\"\"><button type=\"submit\" name=\"wpforms[submit]\" id=\"wpforms-submit-48\" class=\"wpforms-submit\" data-alt-text=\"Senden...\" data-submit-text=\"Absenden\" aria-live=\"assertive\" value=\"wpforms-submit\">Absenden<\/button><\/div><\/form><\/div>  <!-- .wpforms-container -->\t\t\t\t<\/div>\n\t\t\t\t<\/div>\n\t\t\t\t\t<\/div>\n\t\t<\/div>\n\t\t\t\t\t<\/div>\n\t\t<\/section>\n\t\t\t\t<\/div>\n\t\t","protected":false},"excerpt":{"rendered":"","protected":false},"author":2,"featured_media":0,"parent":0,"menu_order":0,"comment_status":"closed","ping_status":"closed","template":"","meta":{"neve_meta_sidebar":"","neve_meta_container":"","neve_meta_enable_content_width":"","neve_meta_content_width":0,"neve_meta_title_alignment":"","neve_meta_author_avatar":"","neve_post_elements_order":"","neve_meta_disable_header":"","neve_meta_disable_footer":"","neve_meta_disable_title":"on","footnotes":""},"class_list":["post-9","page","type-page","status-publish","hentry"],"_links":{"self":[{"href":"https:\/\/agentur-fuer-immobilien.com\/index.php\/wp-json\/wp\/v2\/pages\/9","targetHints":{"allow":["GET"]}}],"collection":[{"href":"https:\/\/agentur-fuer-immobilien.com\/index.php\/wp-json\/wp\/v2\/pages"}],"about":[{"href":"https:\/\/agentur-fuer-immobilien.com\/index.php\/wp-json\/wp\/v2\/types\/page"}],"author":[{"embeddable":true,"href":"https:\/\/agentur-fuer-immobilien.com\/index.php\/wp-json\/wp\/v2\/users\/2"}],"replies":[{"embeddable":true,"href":"https:\/\/agentur-fuer-immobilien.com\/index.php\/wp-json\/wp\/v2\/comments?post=9"}],"version-history":[{"count":10,"href":"https:\/\/agentur-fuer-immobilien.com\/index.php\/wp-json\/wp\/v2\/pages\/9\/revisions"}],"predecessor-version":[{"id":468,"href":"https:\/\/agentur-fuer-immobilien.com\/index.php\/wp-json\/wp\/v2\/pages\/9\/revisions\/468"}],"wp:attachment":[{"href":"https:\/\/agentur-fuer-immobilien.com\/index.php\/wp-json\/wp\/v2\/media?parent=9"}],"curies":[{"name":"wp","href":"https:\/\/api.w.org\/{rel}","templated":true}]}}