{"id":38,"date":"2021-04-06T14:32:10","date_gmt":"2021-04-06T13:32:10","guid":{"rendered":"https:\/\/agentur-fuer-immobilien.com\/?page_id=38"},"modified":"2022-04-27T14:58:54","modified_gmt":"2022-04-27T13:58:54","slug":"vermietung","status":"publish","type":"page","link":"https:\/\/agentur-fuer-immobilien.com\/index.php\/vermietung\/","title":{"rendered":"Vermietung"},"content":{"rendered":"\t\t<div data-elementor-type=\"wp-page\" data-elementor-id=\"38\" class=\"elementor elementor-38\">\n\t\t\t\t\t\t<section class=\"elementor-section elementor-top-section elementor-element elementor-element-a5bbb7f elementor-section-boxed elementor-section-height-default elementor-section-height-default\" data-id=\"a5bbb7f\" data-element_type=\"section\" data-e-type=\"section\">\n\t\t\t\t\t\t<div class=\"elementor-container elementor-column-gap-default\">\n\t\t\t\t\t<div class=\"elementor-column elementor-col-100 elementor-top-column elementor-element elementor-element-80523be\" data-id=\"80523be\" data-element_type=\"column\" data-e-type=\"column\">\n\t\t\t<div class=\"elementor-widget-wrap elementor-element-populated\">\n\t\t\t\t\t\t<div class=\"elementor-element elementor-element-e3a8c78 elementor-widget elementor-widget-wp-widget-master-slider-main-widget\" data-id=\"e3a8c78\" data-element_type=\"widget\" data-e-type=\"widget\" data-widget_type=\"wp-widget-master-slider-main-widget.default\">\n\t\t\t\t<div class=\"elementor-widget-container\">\n\t\t\t\t\t\n\t\t<!-- MasterSlider -->\n\t\t<div id=\"P_MS607587d029c80\" class=\"master-slider-parent msl ms-parent-id-1\"  >\n\n\t\t\t\n\t\t\t<!-- MasterSlider Main -->\n\t\t\t<div id=\"MS607587d029c80\" class=\"master-slider ms-skin-default\" >\n\t\t\t\t \t\t\t\t \n\t\t\t\t<div  class=\"ms-slide\" data-delay=\"2\" data-fill-mode=\"fill\"  >\n\t\t\t\t\t<img decoding=\"async\" src=\"https:\/\/agentur-fuer-immobilien.com\/wp-content\/plugins\/master-slider\/public\/assets\/css\/blank.gif\" alt=\"Wohnung-Innenraum-Agentur-Fuer-Immobilien-Aschheim-Kirchheim-Feldkirchen\" title=\"\" data-src=\"https:\/\/agentur-fuer-immobilien.com\/wp-content\/uploads\/2021\/04\/Innenraum-Bild-modern-Agentur-fuer-Immobilien-e1618307901696.jpg\" \/>\n\n\n\t<div class=\"ms-thumb\" ><div class=\"ms-tab-context\"><div class=&quot;ms-tab-context&quot;><\/div><\/div>\n<\/div>\n\t\t\t\t<\/div>\n\t\t\t\t<div  class=\"ms-slide\" data-delay=\"2\" data-fill-mode=\"fill\"  >\n\t\t\t\t\t<img decoding=\"async\" src=\"https:\/\/agentur-fuer-immobilien.com\/wp-content\/plugins\/master-slider\/public\/assets\/css\/blank.gif\" alt=\"Bungalow-mit-Pool-Agentur-fuer-Immobilien-Aschheim-Feldkirchen-Kirchheim\" title=\"\" data-src=\"https:\/\/agentur-fuer-immobilien.com\/wp-content\/uploads\/2021\/04\/Bungalow-mit-Pool-Agentur-fuer-Immobilien-e1618308306496.jpg\" \/>\n\n\n\t<div class=\"ms-thumb\" ><div class=\"ms-tab-context\"><div class=&quot;ms-tab-context&quot;><\/div><\/div>\n<\/div>\n\t\t\t\t<\/div>\n\t\t\t\t<div  class=\"ms-slide\" data-delay=\"2\" data-fill-mode=\"fill\"  >\n\t\t\t\t\t<img decoding=\"async\" src=\"https:\/\/agentur-fuer-immobilien.com\/wp-content\/plugins\/master-slider\/public\/assets\/css\/blank.gif\" alt=\"Mehrfamilienhaus-agnetur-fuer-immobilien-Ascheim-Kirchheim-Feldkirchen\" title=\"\" data-src=\"https:\/\/agentur-fuer-immobilien.com\/wp-content\/uploads\/2021\/04\/Mehrfamilienhaus-Agentur-fuer-Immobilien-e1618307796531.jpg\" \/>\n\n\n\t<div class=\"ms-thumb\" ><div class=\"ms-tab-context\"><div class=&quot;ms-tab-context&quot;><\/div><\/div>\n<\/div>\n\t\t\t\t<\/div>\n\n\t\t\t<\/div>\n\t\t\t<!-- END MasterSlider Main -->\n\n\t\t\t \n\t\t<\/div>\n\t\t<!-- END MasterSlider -->\n\n\t\t<script>\n\t\t(function ( $ ) {\n\t\t\t\"use strict\";\n\n\t\t\t$(function () {\n\t\t\t\tvar masterslider_9c80 = new MasterSlider();\n\n\t\t\t\t\/\/ slider controls\n\t\t\t\tmasterslider_9c80.control('arrows'     ,{ autohide:false, overVideo:true  });\t\t\t\tmasterslider_9c80.control('bullets'    ,{ autohide:false, overVideo:true, dir:'h', align:'bottom' , margin:10  });\n\n\t\t\t\tmasterslider_9c80.control('scrollbar'  ,{ autohide:true, overVideo:true, dir:'h', inset:true, align:'top', color:'#404040' , margin:10  , width:4 });\n\t\t\t\t\/\/ slider setup\n\t\t\t\tmasterslider_9c80.setup(\"MS607587d029c80\", {\n\t\t\t\t\t\twidth           : 1150,\n\t\t\t\t\t\theight          : 750,\n\t\t\t\t\t\tminHeight       : 0,\n\t\t\t\t\t\tspace           : 0,\n\t\t\t\t\t\tstart           : 1,\n\t\t\t\t\t\tgrabCursor      : true,\n\t\t\t\t\t\tswipe           : true,\n\t\t\t\t\t\tmouse           : true,\n\t\t\t\t\t\tlayout          : \"fullwidth\",\n\t\t\t\t\t\twheel           : false,\n\t\t\t\t\t\tautoplay        : true,\n\t\t\t\t\t\tinstantStartLayers:false,\n\t\t\t\t\t\tloop            : true,\n\t\t\t\t\t\tshuffle         : false,\n\t\t\t\t\t\tpreload         : 0,\n\t\t\t\t\t\theightLimit     : true,\n\t\t\t\t\t\tautoHeight      : false,\n\t\t\t\t\t\tsmoothHeight    : true,\n\t\t\t\t\t\tendPause        : false,\n\t\t\t\t\t\toverPause       : false,\n\t\t\t\t\t\tfillMode        : \"fill\",\n\t\t\t\t\t\tcenterControls  : false,\n\t\t\t\t\t\tstartOnAppear   : false,\n\t\t\t\t\t\tlayersMode      : \"center\",\n\t\t\t\t\t\thideLayers      : false,\n\t\t\t\t\t\tfullscreenMargin: 0,\n\t\t\t\t\t\tspeed           : 2,\n\t\t\t\t\t\tdir             : \"h\",\n\t\t\t\t\t\tparallaxMode    : 'swipe',\n\t\t\t\t\t\tview            : \"fade\"\n\t\t\t\t});\n\n\t\t\t\t\n\t\t\t\twindow.masterslider_instances = window.masterslider_instances || [];\n\t\t\t\twindow.masterslider_instances.push( masterslider_9c80 );\n\t\t\t });\n\n\t\t})(jQuery);\n\t\t<\/script>\n\n\t\t\t\t<\/div>\n\t\t\t\t<\/div>\n\t\t\t\t\t<\/div>\n\t\t<\/div>\n\t\t\t\t\t<\/div>\n\t\t<\/section>\n\t\t\t\t<section class=\"elementor-section elementor-top-section elementor-element elementor-element-750fc23 elementor-section-boxed elementor-section-height-default elementor-section-height-default\" data-id=\"750fc23\" data-element_type=\"section\" data-e-type=\"section\">\n\t\t\t\t\t\t<div class=\"elementor-container elementor-column-gap-default\">\n\t\t\t\t\t<div class=\"elementor-column elementor-col-100 elementor-top-column elementor-element elementor-element-14c7d53\" data-id=\"14c7d53\" data-element_type=\"column\" data-e-type=\"column\">\n\t\t\t<div class=\"elementor-widget-wrap elementor-element-populated\">\n\t\t\t\t\t\t<div class=\"elementor-element elementor-element-83dd6dc elementor-widget elementor-widget-text-editor\" data-id=\"83dd6dc\" data-element_type=\"widget\" data-e-type=\"widget\" data-widget_type=\"text-editor.default\">\n\t\t\t\t<div class=\"elementor-widget-container\">\n\t\t\t\t\t\t\t\t\t<h1>Vermietung von Immobilien in Aschheim, Kirchheim und Feldkirchen<\/h1><p>\u00a0<\/p><p>Sind Ihre W\u00fcnsche und Bed\u00fcrfnisse sehr vielf\u00e4ltig und k\u00f6nnen sehr anspruchsvoll sein?<\/p><p>Wollen Sie f\u00fcr Ihr Eigentum einen verantwortungsvollen und solventen Mieter?<\/p><p>Wollen Sie nicht unbedingt das Billigste, aber f\u00fcr Ihr Geld eine entsprechende Dienstleistung?<\/p><p>Erwarten Sie einen vertrauensw\u00fcrdigen Ansprechpartner, welcher sich um alles rund um die Vermietung k\u00fcmmert?<\/p><p>Falls Sie eine oder mehrere Fragen mit \u201eJa\u201c beantwortet haben, sind Sie bei mir richtig.<\/p><p>Rufen Sie mich gleich an und vereinbaren einen pers\u00f6nlichen Beratungstermin mit mir.<\/p>\t\t\t\t\t\t\t\t<\/div>\n\t\t\t\t<\/div>\n\t\t\t\t\t<\/div>\n\t\t<\/div>\n\t\t\t\t\t<\/div>\n\t\t<\/section>\n\t\t\t\t<section class=\"elementor-section elementor-top-section elementor-element elementor-element-54c27c4 elementor-section-boxed elementor-section-height-default elementor-section-height-default\" data-id=\"54c27c4\" data-element_type=\"section\" data-e-type=\"section\">\n\t\t\t\t\t\t<div class=\"elementor-container elementor-column-gap-default\">\n\t\t\t\t\t<div class=\"elementor-column elementor-col-100 elementor-top-column elementor-element elementor-element-62ce9b7\" data-id=\"62ce9b7\" data-element_type=\"column\" data-e-type=\"column\">\n\t\t\t<div class=\"elementor-widget-wrap elementor-element-populated\">\n\t\t\t\t\t\t<div class=\"elementor-element elementor-element-1e04225 elementor-align-center elementor-widget elementor-widget-button\" data-id=\"1e04225\" data-element_type=\"widget\" data-e-type=\"widget\" data-widget_type=\"button.default\">\n\t\t\t\t<div class=\"elementor-widget-container\">\n\t\t\t\t\t\t\t\t\t<div class=\"elementor-button-wrapper\">\n\t\t\t\t\t<a class=\"elementor-button elementor-button-link elementor-size-md\" href=\"tel:00491728311637\">\n\t\t\t\t\t\t<span class=\"elementor-button-content-wrapper\">\n\t\t\t\t\t\t\t\t\t<span class=\"elementor-button-text\">Telefon Kontakt<\/span>\n\t\t\t\t\t<\/span>\n\t\t\t\t\t<\/a>\n\t\t\t\t<\/div>\n\t\t\t\t\t\t\t\t<\/div>\n\t\t\t\t<\/div>\n\t\t\t\t\t<\/div>\n\t\t<\/div>\n\t\t\t\t\t<\/div>\n\t\t<\/section>\n\t\t\t\t<section class=\"elementor-section elementor-top-section elementor-element elementor-element-2f531dc elementor-section-boxed elementor-section-height-default elementor-section-height-default\" data-id=\"2f531dc\" data-element_type=\"section\" data-e-type=\"section\">\n\t\t\t\t\t\t<div class=\"elementor-container elementor-column-gap-default\">\n\t\t\t\t\t<div class=\"elementor-column elementor-col-100 elementor-top-column elementor-element elementor-element-8895ff2\" data-id=\"8895ff2\" data-element_type=\"column\" data-e-type=\"column\">\n\t\t\t<div class=\"elementor-widget-wrap elementor-element-populated\">\n\t\t\t\t\t\t<div class=\"elementor-element elementor-element-4871dbd elementor-widget elementor-widget-heading\" data-id=\"4871dbd\" data-element_type=\"widget\" data-e-type=\"widget\" data-widget_type=\"heading.default\">\n\t\t\t\t<div class=\"elementor-widget-container\">\n\t\t\t\t\t<h2 class=\"elementor-heading-title elementor-size-large\">Aktuelle Objekte:<\/h2>\t\t\t\t<\/div>\n\t\t\t\t<\/div>\n\t\t\t\t\t<\/div>\n\t\t<\/div>\n\t\t\t\t\t<\/div>\n\t\t<\/section>\n\t\t\t\t<section class=\"elementor-section elementor-top-section elementor-element elementor-element-7d7e4bc elementor-section-boxed elementor-section-height-default elementor-section-height-default\" data-id=\"7d7e4bc\" data-element_type=\"section\" data-e-type=\"section\">\n\t\t\t\t\t\t<div class=\"elementor-container elementor-column-gap-default\">\n\t\t\t\t\t<div class=\"elementor-column elementor-col-66 elementor-top-column elementor-element elementor-element-467e52b\" data-id=\"467e52b\" data-element_type=\"column\" data-e-type=\"column\">\n\t\t\t<div class=\"elementor-widget-wrap elementor-element-populated\">\n\t\t\t\t\t\t<div class=\"elementor-element elementor-element-84b1222 elementor-widget elementor-widget-image\" data-id=\"84b1222\" data-element_type=\"widget\" data-e-type=\"widget\" data-widget_type=\"image.default\">\n\t\t\t\t<div class=\"elementor-widget-container\">\n\t\t\t\t\t\t\t\t\t\t\t\t\t\t\t<img fetchpriority=\"high\" decoding=\"async\" width=\"768\" height=\"1024\" src=\"https:\/\/agentur-fuer-immobilien.com\/wp-content\/uploads\/2022\/04\/Dachterrasse-Ausblick-2.jpg\" class=\"attachment-large size-large wp-image-627\" alt=\"\" srcset=\"https:\/\/agentur-fuer-immobilien.com\/wp-content\/uploads\/2022\/04\/Dachterrasse-Ausblick-2.jpg 768w, https:\/\/agentur-fuer-immobilien.com\/wp-content\/uploads\/2022\/04\/Dachterrasse-Ausblick-2-225x300.jpg 225w\" sizes=\"(max-width: 768px) 100vw, 768px\" \/>\t\t\t\t\t\t\t\t\t\t\t\t\t\t\t<\/div>\n\t\t\t\t<\/div>\n\t\t\t\t\t<\/div>\n\t\t<\/div>\n\t\t\t\t<div class=\"elementor-column elementor-col-33 elementor-top-column elementor-element elementor-element-28cfe77\" data-id=\"28cfe77\" data-element_type=\"column\" data-e-type=\"column\">\n\t\t\t<div class=\"elementor-widget-wrap elementor-element-populated\">\n\t\t\t\t\t\t<div class=\"elementor-element elementor-element-fd76bee elementor-widget elementor-widget-text-editor\" data-id=\"fd76bee\" data-element_type=\"widget\" data-e-type=\"widget\" data-widget_type=\"text-editor.default\">\n\t\t\t\t<div class=\"elementor-widget-container\">\n\t\t\t\t\t\t\t\t\t<p>Aktuell in der Vermietung:<\/p><p>Leider im Moment keine Angebote vorhanden. Falls Sie Ihr Objekt \u00fcber mich vermieten lassen m\u00f6chten, rufen Sie mich gerne an, oder schreiben eine Mail.<\/p><p>E Mail: info@agentur-fuer-immobilien.com<\/p><p>Tel.: +49 &#8211; 172 \/ 83 11 637<\/p>\t\t\t\t\t\t\t\t<\/div>\n\t\t\t\t<\/div>\n\t\t\t\t\t<\/div>\n\t\t<\/div>\n\t\t\t\t\t<\/div>\n\t\t<\/section>\n\t\t\t\t<\/div>\n\t\t","protected":false},"excerpt":{"rendered":"<p>Vermietung von Immobilien in Aschheim, Kirchheim und Feldkirchen \u00a0 Sind Ihre W\u00fcnsche und Bed\u00fcrfnisse sehr vielf\u00e4ltig und k\u00f6nnen sehr anspruchsvoll sein? Wollen Sie f\u00fcr Ihr Eigentum einen verantwortungsvollen und solventen Mieter? Wollen Sie nicht unbedingt das Billigste, aber f\u00fcr Ihr Geld eine entsprechende Dienstleistung? Erwarten Sie einen vertrauensw\u00fcrdigen Ansprechpartner, welcher sich um alles rund um&hellip;&nbsp;<a href=\"https:\/\/agentur-fuer-immobilien.com\/index.php\/vermietung\/\" rel=\"bookmark\">Weiterlesen &raquo;<span class=\"screen-reader-text\">Vermietung<\/span><\/a><\/p>\n","protected":false},"author":2,"featured_media":0,"parent":0,"menu_order":0,"comment_status":"closed","ping_status":"closed","template":"page-templates\/template-pagebuilder-full-width.php","meta":{"neve_meta_sidebar":"full-width","neve_meta_container":"","neve_meta_enable_content_width":"on","neve_meta_content_width":100,"neve_meta_title_alignment":"","neve_meta_author_avatar":"","neve_post_elements_order":"","neve_meta_disable_header":"","neve_meta_disable_footer":"","neve_meta_disable_title":"on","footnotes":""},"class_list":["post-38","page","type-page","status-publish","hentry"],"_links":{"self":[{"href":"https:\/\/agentur-fuer-immobilien.com\/index.php\/wp-json\/wp\/v2\/pages\/38","targetHints":{"allow":["GET"]}}],"collection":[{"href":"https:\/\/agentur-fuer-immobilien.com\/index.php\/wp-json\/wp\/v2\/pages"}],"about":[{"href":"https:\/\/agentur-fuer-immobilien.com\/index.php\/wp-json\/wp\/v2\/types\/page"}],"author":[{"embeddable":true,"href":"https:\/\/agentur-fuer-immobilien.com\/index.php\/wp-json\/wp\/v2\/users\/2"}],"replies":[{"embeddable":true,"href":"https:\/\/agentur-fuer-immobilien.com\/index.php\/wp-json\/wp\/v2\/comments?post=38"}],"version-history":[{"count":75,"href":"https:\/\/agentur-fuer-immobilien.com\/index.php\/wp-json\/wp\/v2\/pages\/38\/revisions"}],"predecessor-version":[{"id":647,"href":"https:\/\/agentur-fuer-immobilien.com\/index.php\/wp-json\/wp\/v2\/pages\/38\/revisions\/647"}],"wp:attachment":[{"href":"https:\/\/agentur-fuer-immobilien.com\/index.php\/wp-json\/wp\/v2\/media?parent=38"}],"curies":[{"name":"wp","href":"https:\/\/api.w.org\/{rel}","templated":true}]}}