{"id":111,"date":"2021-04-06T15:26:34","date_gmt":"2021-04-06T14:26:34","guid":{"rendered":"https:\/\/agentur-fuer-immobilien.com\/?page_id=111"},"modified":"2021-04-20T11:02:48","modified_gmt":"2021-04-20T10:02:48","slug":"home","status":"publish","type":"page","link":"https:\/\/agentur-fuer-immobilien.com\/","title":{"rendered":"Home"},"content":{"rendered":"\t\t<div data-elementor-type=\"wp-page\" data-elementor-id=\"111\" class=\"elementor elementor-111\">\n\t\t\t\t\t\t<section class=\"elementor-section elementor-top-section elementor-element elementor-element-f9c1469 elementor-section-boxed elementor-section-height-default elementor-section-height-default\" data-id=\"f9c1469\" data-element_type=\"section\" data-e-type=\"section\">\n\t\t\t\t\t\t<div class=\"elementor-container elementor-column-gap-default\">\n\t\t\t\t\t<div class=\"elementor-column elementor-col-100 elementor-top-column elementor-element elementor-element-bd9aa88\" data-id=\"bd9aa88\" data-element_type=\"column\" data-e-type=\"column\">\n\t\t\t<div class=\"elementor-widget-wrap elementor-element-populated\">\n\t\t\t\t\t\t\t<\/div>\n\t\t<\/div>\n\t\t\t\t\t<\/div>\n\t\t<\/section>\n\t\t\t\t<section class=\"elementor-section elementor-top-section elementor-element elementor-element-a0ef900 elementor-section-full_width elementor-section-stretched elementor-section-height-default elementor-section-height-default\" data-id=\"a0ef900\" data-element_type=\"section\" data-e-type=\"section\" data-settings=\"{&quot;stretch_section&quot;:&quot;section-stretched&quot;}\">\n\t\t\t\t\t\t<div class=\"elementor-container elementor-column-gap-default\">\n\t\t\t\t\t<div class=\"elementor-column elementor-col-100 elementor-top-column elementor-element elementor-element-002c75b\" data-id=\"002c75b\" data-element_type=\"column\" data-e-type=\"column\">\n\t\t\t<div class=\"elementor-widget-wrap elementor-element-populated\">\n\t\t\t\t\t\t<div class=\"elementor-element elementor-element-0d77755 elementor-widget elementor-widget-image\" data-id=\"0d77755\" data-element_type=\"widget\" data-e-type=\"widget\" data-widget_type=\"image.default\">\n\t\t\t\t<div class=\"elementor-widget-container\">\n\t\t\t\t\t\t\t\t\t\t\t\t\t\t\t<img fetchpriority=\"high\" decoding=\"async\" width=\"1024\" height=\"514\" src=\"https:\/\/agentur-fuer-immobilien.com\/wp-content\/uploads\/2021\/04\/Muenchen-Fernsehturm-sw-HP-1024x514.jpg\" class=\"attachment-large size-large wp-image-301\" alt=\"Muenchen-Fernsehturm\" srcset=\"https:\/\/agentur-fuer-immobilien.com\/wp-content\/uploads\/2021\/04\/Muenchen-Fernsehturm-sw-HP-1024x514.jpg 1024w, https:\/\/agentur-fuer-immobilien.com\/wp-content\/uploads\/2021\/04\/Muenchen-Fernsehturm-sw-HP-300x150.jpg 300w, https:\/\/agentur-fuer-immobilien.com\/wp-content\/uploads\/2021\/04\/Muenchen-Fernsehturm-sw-HP-768x385.jpg 768w, https:\/\/agentur-fuer-immobilien.com\/wp-content\/uploads\/2021\/04\/Muenchen-Fernsehturm-sw-HP-1536x770.jpg 1536w, https:\/\/agentur-fuer-immobilien.com\/wp-content\/uploads\/2021\/04\/Muenchen-Fernsehturm-sw-HP-e1617884333160.jpg 1600w\" sizes=\"(max-width: 1024px) 100vw, 1024px\" \/>\t\t\t\t\t\t\t\t\t\t\t\t\t\t\t<\/div>\n\t\t\t\t<\/div>\n\t\t\t\t\t<\/div>\n\t\t<\/div>\n\t\t\t\t\t<\/div>\n\t\t<\/section>\n\t\t\t\t<section class=\"elementor-section elementor-top-section elementor-element elementor-element-07956c4 elementor-section-boxed elementor-section-height-default elementor-section-height-default\" data-id=\"07956c4\" data-element_type=\"section\" data-e-type=\"section\">\n\t\t\t\t\t\t<div class=\"elementor-container elementor-column-gap-default\">\n\t\t\t\t\t<div class=\"elementor-column elementor-col-100 elementor-top-column elementor-element elementor-element-dfdb7d6\" data-id=\"dfdb7d6\" data-element_type=\"column\" data-e-type=\"column\">\n\t\t\t<div class=\"elementor-widget-wrap elementor-element-populated\">\n\t\t\t\t\t\t<div class=\"elementor-element elementor-element-e6a3a87 elementor-widget elementor-widget-text-editor\" data-id=\"e6a3a87\" data-element_type=\"widget\" data-e-type=\"widget\" data-widget_type=\"text-editor.default\">\n\t\t\t\t<div class=\"elementor-widget-container\">\n\t\t\t\t\t\t\t\t\t<h1>AGENTUR F\u00dcR IMMOBILIEN<\/h1><h2>Die Immobilienmaklerin Ihres Vertrauens im M\u00fcnchner Osten<\/h2><p>Als <span style=\"text-decoration: underline;\"><a href=\"https:\/\/agentur-fuer-immobilien.com\/index.php\/ueber-mich\/\">Inhaberin<\/a><\/span> meines Maklerb\u00fcros helfe ich Ihnen sehr gerne bei der Suche nach der passenden Wohnimmobilie oder dem passenden Mieter im Gro\u00dfraum M\u00fcnchen. Von meinem Maklerb\u00fcro im M\u00fcnchner Osten aus, kann ich bei Terminanfragen in Aschheim, Feldkirchen, Kirchheim, Ismaning, Ottobrunn, Haar oder gerne auch in den Nachbarlandkreisen Ebersberg und Erding, sehr schnell und flexibel reagieren.<\/p><p>Ein kompetenter Makler vor Ort erleichtert Ihnen die Suche nach einem guten und vor allem solventen <span style=\"text-decoration: underline;\"><a href=\"https:\/\/agentur-fuer-immobilien.com\/index.php\/vermietung\/\">Mieter<\/a><\/span> oder nach einem sch\u00f6nen Eigenheim ungemein.<\/p><p>Mit der Hilfe eines Immobilienmaklers vereinfachen sich viele Abl\u00e4ufe beim Immobilienkauf.<\/p>\t\t\t\t\t\t\t\t<\/div>\n\t\t\t\t<\/div>\n\t\t\t\t\t<\/div>\n\t\t<\/div>\n\t\t\t\t\t<\/div>\n\t\t<\/section>\n\t\t\t\t<section class=\"elementor-section elementor-top-section elementor-element elementor-element-ddbc8b9 elementor-section-boxed elementor-section-height-default elementor-section-height-default\" data-id=\"ddbc8b9\" data-element_type=\"section\" data-e-type=\"section\">\n\t\t\t\t\t\t<div class=\"elementor-container elementor-column-gap-default\">\n\t\t\t\t\t<div class=\"elementor-column elementor-col-33 elementor-top-column elementor-element elementor-element-1cadab5\" data-id=\"1cadab5\" data-element_type=\"column\" data-e-type=\"column\" data-settings=\"{&quot;background_background&quot;:&quot;classic&quot;}\">\n\t\t\t<div class=\"elementor-widget-wrap elementor-element-populated\">\n\t\t\t\t\t\t<div class=\"elementor-element elementor-element-90beb65 elementor-widget elementor-widget-text-editor\" data-id=\"90beb65\" data-element_type=\"widget\" data-e-type=\"widget\" data-widget_type=\"text-editor.default\">\n\t\t\t\t<div class=\"elementor-widget-container\">\n\t\t\t\t\t\t\t\t\t<p>Vorteile eines Immobilienmaklers:<\/p><p>&#8211; Gepr\u00fcfte Immobilienangebote<\/p><p>&#8211; Marktkenntnis &amp; Beratung<\/p><p>&#8211; Hilfe, beim <span style=\"text-decoration: underline;\"><a href=\"https:\/\/agentur-fuer-immobilien.com\/index.php\/kauf-verkauf\/\">Verkauf<\/a><\/span> der eigenen Immobilie<\/p><p>&#8211; Unterst\u00fctzung bei der Immobilienfinanzierung<\/p><p>&#8211; Reibungsloser Ablauf durch gepr\u00fcfte &amp; bew\u00e4hrte Kooperationspartner (Finanzierer, Notar, etc.)<\/p>\t\t\t\t\t\t\t\t<\/div>\n\t\t\t\t<\/div>\n\t\t\t\t\t<\/div>\n\t\t<\/div>\n\t\t\t\t<div class=\"elementor-column elementor-col-33 elementor-top-column elementor-element elementor-element-5f935d8\" data-id=\"5f935d8\" data-element_type=\"column\" data-e-type=\"column\">\n\t\t\t<div class=\"elementor-widget-wrap elementor-element-populated\">\n\t\t\t\t\t\t<div class=\"elementor-element elementor-element-56c28fb elementor-widget elementor-widget-spacer\" data-id=\"56c28fb\" data-element_type=\"widget\" data-e-type=\"widget\" data-widget_type=\"spacer.default\">\n\t\t\t\t<div class=\"elementor-widget-container\">\n\t\t\t\t\t\t\t<div class=\"elementor-spacer\">\n\t\t\t<div class=\"elementor-spacer-inner\"><\/div>\n\t\t<\/div>\n\t\t\t\t\t\t<\/div>\n\t\t\t\t<\/div>\n\t\t\t\t\t<\/div>\n\t\t<\/div>\n\t\t\t\t<div class=\"elementor-column elementor-col-33 elementor-top-column elementor-element elementor-element-a09bbcc\" data-id=\"a09bbcc\" data-element_type=\"column\" data-e-type=\"column\" data-settings=\"{&quot;background_background&quot;:&quot;classic&quot;}\">\n\t\t\t<div class=\"elementor-widget-wrap elementor-element-populated\">\n\t\t\t\t\t\t<div class=\"elementor-element elementor-element-2f48ec3 elementor-widget elementor-widget-text-editor\" data-id=\"2f48ec3\" data-element_type=\"widget\" data-e-type=\"widget\" data-widget_type=\"text-editor.default\">\n\t\t\t\t<div class=\"elementor-widget-container\">\n\t\t\t\t\t\t\t\t\t<p>Immobilien sind weitaus mehr als nur Objekte auf Grundst\u00fccken.<\/p><p>Sie sind f\u00fcr deren Bewohner:<\/p><p>&#8211; ein Ort an dem sie sich wohlf\u00fchlen<\/p><p>&#8211; ein Ort an dem sie zur Ruhe kommen<\/p><p>&#8211; ein Ort an dem sie sich sicher f\u00fchlen<\/p><p>&#8211; ein Ort mit dem sie sch\u00f6ne Erinnerungen verbinden<\/p><p>&#8211; ein Ort an dem sie liebe Menschen treffen<\/p><p>&#8211; ein Zuhause, eine Heimat und Geborgenheit<\/p>\t\t\t\t\t\t\t\t<\/div>\n\t\t\t\t<\/div>\n\t\t\t\t\t<\/div>\n\t\t<\/div>\n\t\t\t\t\t<\/div>\n\t\t<\/section>\n\t\t\t\t<section class=\"elementor-section elementor-top-section elementor-element elementor-element-e73d7cb elementor-section-boxed elementor-section-height-default elementor-section-height-default\" data-id=\"e73d7cb\" data-element_type=\"section\" data-e-type=\"section\">\n\t\t\t\t\t\t<div class=\"elementor-container elementor-column-gap-default\">\n\t\t\t\t\t<div class=\"elementor-column elementor-col-100 elementor-top-column elementor-element elementor-element-1028ffb\" data-id=\"1028ffb\" data-element_type=\"column\" data-e-type=\"column\">\n\t\t\t<div class=\"elementor-widget-wrap elementor-element-populated\">\n\t\t\t\t\t\t<div class=\"elementor-element elementor-element-bd87b69 elementor-widget elementor-widget-text-editor\" data-id=\"bd87b69\" data-element_type=\"widget\" data-e-type=\"widget\" data-widget_type=\"text-editor.default\">\n\t\t\t\t<div class=\"elementor-widget-container\">\n\t\t\t\t\t\t\t\t\t<p>Die philosophischen Betrachtungsweisen verdeutlichen allerdings, dass das Wohnen keine beliebige T\u00e4tigkeit neben den anderen ist, sondern einen sehr zentralen Faktor in unserem Leben einnimmt. Der Mensch ben\u00f6tigt einen Raum der Geborgenheit und dies zeigt sich auch in der individuellen Gestaltung jeder einzelnen Wohnung. Wohnen bedeutet Wohlf\u00fchlen und so spiegelt jeder Mensch sein Innerstes in den eigenen vier W\u00e4nden wider.<\/p>\t\t\t\t\t\t\t\t<\/div>\n\t\t\t\t<\/div>\n\t\t\t\t\t<\/div>\n\t\t<\/div>\n\t\t\t\t\t<\/div>\n\t\t<\/section>\n\t\t\t\t<section class=\"elementor-section elementor-top-section elementor-element elementor-element-174a1b7 elementor-section-boxed elementor-section-height-default elementor-section-height-default\" data-id=\"174a1b7\" data-element_type=\"section\" data-e-type=\"section\">\n\t\t\t\t\t\t<div class=\"elementor-container elementor-column-gap-default\">\n\t\t\t\t\t<div class=\"elementor-column elementor-col-100 elementor-top-column elementor-element elementor-element-7d5951a\" data-id=\"7d5951a\" data-element_type=\"column\" data-e-type=\"column\">\n\t\t\t<div class=\"elementor-widget-wrap elementor-element-populated\">\n\t\t\t\t\t\t<div class=\"elementor-element elementor-element-d5904b7 elementor-widget elementor-widget-text-editor\" data-id=\"d5904b7\" data-element_type=\"widget\" data-e-type=\"widget\" data-widget_type=\"text-editor.default\">\n\t\t\t\t<div class=\"elementor-widget-container\">\n\t\t\t\t\t\t\t\t\t<h3>&#8222;Jemand zu sich nach Hause einzuladen, bedeutet sein Innerstes zu offenbaren.\u201c<\/h3><p>Nehmen Sie gleich unverbindlich Kontakt mit mir auf. Ich freue mich auf Ihre Fragen unter:<\/p><p><a href=\"mailto:info@agentur-fuer-immobilien.com\">info@agentur-fuer-immobilien.com<\/a> oder telefonisch unter <a href=\"tel:00491728311637\">+49 172 \/ 83 11 637<\/a><\/p><p>Selbstverst\u00e4ndlich k\u00f6nnen Sie auch einen kostenfreien Termin f\u00fcr ein pers\u00f6nliches Kennenlernen sowie zur Besprechung der weiteren Vorgehensweise vereinbaren.<\/p>\t\t\t\t\t\t\t\t<\/div>\n\t\t\t\t<\/div>\n\t\t\t\t\t<\/div>\n\t\t<\/div>\n\t\t\t\t\t<\/div>\n\t\t<\/section>\n\t\t\t\t<\/div>\n\t\t","protected":false},"excerpt":{"rendered":"<p>AGENTUR F\u00dcR IMMOBILIEN Die Immobilienmaklerin Ihres Vertrauens im M\u00fcnchner Osten Als Inhaberin meines Maklerb\u00fcros helfe ich Ihnen sehr gerne bei der Suche nach der passenden Wohnimmobilie oder dem passenden Mieter im Gro\u00dfraum M\u00fcnchen. Von meinem Maklerb\u00fcro im M\u00fcnchner Osten aus, kann ich bei Terminanfragen in Aschheim, Feldkirchen, Kirchheim, Ismaning, Ottobrunn, Haar oder gerne auch in&hellip;&nbsp;<a href=\"https:\/\/agentur-fuer-immobilien.com\/\" rel=\"bookmark\">Weiterlesen &raquo;<span class=\"screen-reader-text\">Home<\/span><\/a><\/p>\n","protected":false},"author":2,"featured_media":0,"parent":0,"menu_order":0,"comment_status":"closed","ping_status":"closed","template":"page-templates\/template-pagebuilder-full-width.php","meta":{"neve_meta_sidebar":"full-width","neve_meta_container":"","neve_meta_enable_content_width":"on","neve_meta_content_width":100,"neve_meta_title_alignment":"","neve_meta_author_avatar":"","neve_post_elements_order":"","neve_meta_disable_header":"","neve_meta_disable_footer":"","neve_meta_disable_title":"on","footnotes":""},"class_list":["post-111","page","type-page","status-publish","hentry"],"_links":{"self":[{"href":"https:\/\/agentur-fuer-immobilien.com\/index.php\/wp-json\/wp\/v2\/pages\/111","targetHints":{"allow":["GET"]}}],"collection":[{"href":"https:\/\/agentur-fuer-immobilien.com\/index.php\/wp-json\/wp\/v2\/pages"}],"about":[{"href":"https:\/\/agentur-fuer-immobilien.com\/index.php\/wp-json\/wp\/v2\/types\/page"}],"author":[{"embeddable":true,"href":"https:\/\/agentur-fuer-immobilien.com\/index.php\/wp-json\/wp\/v2\/users\/2"}],"replies":[{"embeddable":true,"href":"https:\/\/agentur-fuer-immobilien.com\/index.php\/wp-json\/wp\/v2\/comments?post=111"}],"version-history":[{"count":124,"href":"https:\/\/agentur-fuer-immobilien.com\/index.php\/wp-json\/wp\/v2\/pages\/111\/revisions"}],"predecessor-version":[{"id":582,"href":"https:\/\/agentur-fuer-immobilien.com\/index.php\/wp-json\/wp\/v2\/pages\/111\/revisions\/582"}],"wp:attachment":[{"href":"https:\/\/agentur-fuer-immobilien.com\/index.php\/wp-json\/wp\/v2\/media?parent=111"}],"curies":[{"name":"wp","href":"https:\/\/api.w.org\/{rel}","templated":true}]}}